{"id":26222,"date":"2026-02-20T17:47:41","date_gmt":"2026-02-20T16:47:41","guid":{"rendered":"https:\/\/www.planetkids.be\/easter-night-at-planet-kids-april-3-2026\/"},"modified":"2026-02-20T17:47:42","modified_gmt":"2026-02-20T16:47:42","slug":"easter-night-at-planet-kids-april-3-2026","status":"publish","type":"page","link":"https:\/\/www.planetkids.be\/en\/easter-night-at-planet-kids-april-3-2026\/","title":{"rendered":"Easter Night at Planet Kid&#8217;s &#8211; April 3, 2026"},"content":{"rendered":"\t\t<div data-elementor-type=\"wp-page\" data-elementor-id=\"26222\" class=\"elementor elementor-26222 elementor-26217\" data-elementor-post-type=\"page\">\n\t\t\t\t\t\t<section class=\"elementor-section elementor-top-section elementor-element elementor-element-856f40a elementor-section-height-min-height elementor-section-stretched elementor-section-boxed elementor-section-height-default elementor-section-items-middle\" data-id=\"856f40a\" data-element_type=\"section\" data-e-type=\"section\" data-settings=\"{&quot;stretch_section&quot;:&quot;section-stretched&quot;,&quot;jet_parallax_layout_list&quot;:[{&quot;jet_parallax_layout_image&quot;:{&quot;url&quot;:&quot;&quot;,&quot;id&quot;:&quot;&quot;,&quot;size&quot;:&quot;&quot;},&quot;_id&quot;:&quot;d709eef&quot;,&quot;jet_parallax_layout_image_tablet&quot;:{&quot;url&quot;:&quot;&quot;,&quot;id&quot;:&quot;&quot;,&quot;size&quot;:&quot;&quot;},&quot;jet_parallax_layout_image_mobile&quot;:{&quot;url&quot;:&quot;&quot;,&quot;id&quot;:&quot;&quot;,&quot;size&quot;:&quot;&quot;},&quot;jet_parallax_layout_speed&quot;:{&quot;unit&quot;:&quot;%&quot;,&quot;size&quot;:50,&quot;sizes&quot;:[]},&quot;jet_parallax_layout_type&quot;:&quot;scroll&quot;,&quot;jet_parallax_layout_direction&quot;:&quot;1&quot;,&quot;jet_parallax_layout_fx_direction&quot;:null,&quot;jet_parallax_layout_z_index&quot;:&quot;&quot;,&quot;jet_parallax_layout_bg_x&quot;:50,&quot;jet_parallax_layout_bg_x_tablet&quot;:&quot;&quot;,&quot;jet_parallax_layout_bg_x_mobile&quot;:&quot;&quot;,&quot;jet_parallax_layout_bg_y&quot;:50,&quot;jet_parallax_layout_bg_y_tablet&quot;:&quot;&quot;,&quot;jet_parallax_layout_bg_y_mobile&quot;:&quot;&quot;,&quot;jet_parallax_layout_bg_size&quot;:&quot;auto&quot;,&quot;jet_parallax_layout_bg_size_tablet&quot;:&quot;&quot;,&quot;jet_parallax_layout_bg_size_mobile&quot;:&quot;&quot;,&quot;jet_parallax_layout_animation_prop&quot;:&quot;transform&quot;,&quot;jet_parallax_layout_on&quot;:[&quot;desktop&quot;,&quot;tablet&quot;]}],&quot;background_background&quot;:&quot;classic&quot;}\">\n\t\t\t\t\t\t\t<div class=\"elementor-background-overlay\"><\/div>\n\t\t\t\t\t\t\t<div class=\"elementor-container elementor-column-gap-default\">\n\t\t\t\t\t<div class=\"elementor-column elementor-col-100 elementor-top-column elementor-element elementor-element-ddbe1b3\" data-id=\"ddbe1b3\" data-element_type=\"column\" data-e-type=\"column\">\n\t\t\t<div class=\"elementor-widget-wrap elementor-element-populated\">\n\t\t\t\t\t\t<div class=\"elementor-element elementor-element-0a3a22a elementor-widget elementor-widget-heading\" data-id=\"0a3a22a\" data-element_type=\"widget\" data-e-type=\"widget\" data-widget_type=\"heading.default\">\n\t\t\t\t<div class=\"elementor-widget-container\">\n\t\t\t\t\t<h1 class=\"elementor-heading-title elementor-size-default\">Easter Night at Planet Kid's<\/h1>\t\t\t\t<\/div>\n\t\t\t\t<\/div>\n\t\t\t\t<div class=\"elementor-element elementor-element-75c3521 elementor-widget elementor-widget-heading\" data-id=\"75c3521\" data-element_type=\"widget\" data-e-type=\"widget\" data-widget_type=\"heading.default\">\n\t\t\t\t<div class=\"elementor-widget-container\">\n\t\t\t\t\t<h2 class=\"elementor-heading-title elementor-size-xxl\">FRIDAY, APRIL 3, 2026 FROM 4 PM TO 9 PM<\/h2>\t\t\t\t<\/div>\n\t\t\t\t<\/div>\n\t\t\t\t\t<\/div>\n\t\t<\/div>\n\t\t\t\t\t<\/div>\n\t\t<\/section>\n\t\t\t\t<section class=\"elementor-section elementor-top-section elementor-element elementor-element-37bf7f4f elementor-section-boxed elementor-section-height-default elementor-section-height-default\" data-id=\"37bf7f4f\" data-element_type=\"section\" data-e-type=\"section\" data-settings=\"{&quot;jet_parallax_layout_list&quot;:[]}\">\n\t\t\t\t\t\t<div class=\"elementor-container elementor-column-gap-default\">\n\t\t\t\t\t<div class=\"elementor-column elementor-col-50 elementor-top-column elementor-element elementor-element-21ac908\" data-id=\"21ac908\" data-element_type=\"column\" data-e-type=\"column\">\n\t\t\t<div class=\"elementor-widget-wrap elementor-element-populated\">\n\t\t\t\t\t\t<div class=\"elementor-element elementor-element-c8604f8 elementor-widget elementor-widget-image\" data-id=\"c8604f8\" data-element_type=\"widget\" data-e-type=\"widget\" data-widget_type=\"image.default\">\n\t\t\t\t<div class=\"elementor-widget-container\">\n\t\t\t\t\t\t\t\t\t\t\t\t\t\t\t<img fetchpriority=\"high\" decoding=\"async\" width=\"800\" height=\"566\" src=\"https:\/\/www.planetkids.be\/wp-content\/uploads\/2026\/02\/Paques2026FR-1-1024x724.jpg\" class=\"attachment-large size-large wp-image-26216\" alt=\"\" srcset=\"https:\/\/www.planetkids.be\/wp-content\/uploads\/2026\/02\/Paques2026FR-1-1024x724.jpg 1024w, https:\/\/www.planetkids.be\/wp-content\/uploads\/2026\/02\/Paques2026FR-1-300x212.jpg 300w, https:\/\/www.planetkids.be\/wp-content\/uploads\/2026\/02\/Paques2026FR-1-768x543.jpg 768w, https:\/\/www.planetkids.be\/wp-content\/uploads\/2026\/02\/Paques2026FR-1-600x424.jpg 600w, https:\/\/www.planetkids.be\/wp-content\/uploads\/2026\/02\/Paques2026FR-1.jpg 1200w\" sizes=\"(max-width: 800px) 100vw, 800px\" \/>\t\t\t\t\t\t\t\t\t\t\t\t\t\t\t<\/div>\n\t\t\t\t<\/div>\n\t\t\t\t\t<\/div>\n\t\t<\/div>\n\t\t\t\t<div class=\"elementor-column elementor-col-50 elementor-top-column elementor-element elementor-element-8268f4e\" data-id=\"8268f4e\" data-element_type=\"column\" data-e-type=\"column\">\n\t\t\t<div class=\"elementor-widget-wrap elementor-element-populated\">\n\t\t\t\t\t\t<div class=\"elementor-element elementor-element-b9b9a62 elementor-widget elementor-widget-heading\" data-id=\"b9b9a62\" data-element_type=\"widget\" data-e-type=\"widget\" data-widget_type=\"heading.default\">\n\t\t\t\t<div class=\"elementor-widget-container\">\n\t\t\t\t\t<p class=\"elementor-heading-title elementor-size-default\">Number of children (\u20ac11 per child)<\/p>\t\t\t\t<\/div>\n\t\t\t\t<\/div>\n\t\t\t\t<div class=\"elementor-element elementor-element-13cff09 elementor-button-info elementor-widget elementor-widget-wc-add-to-cart\" data-id=\"13cff09\" data-element_type=\"widget\" data-e-type=\"widget\" data-widget_type=\"wc-add-to-cart.default\">\n\t\t\t\t<div class=\"elementor-widget-container\">\n\t\t\t\t\t\n\t\n\t<form class=\"cart\" action=\"https:\/\/www.planetkids.be\/en\/produit\/ticket-carnival-night-at-planet-kids-february-6-2026-copie\/\" method=\"post\" enctype='multipart\/form-data'>\n\t\t\n\t\t<style>.quantity { display: block !important; }<\/style><div class=\"quantity\">\n\t\t<label class=\"screen-reader-text\" for=\"quantity_69d5dd2dba445\">Ticket - Easter party at Planet Kid&#039;s - April 3, 2026 quantity<\/label>\n\t<input\n\t\ttype=\"number\"\n\t\t\t\tid=\"quantity_69d5dd2dba445\"\n\t\tclass=\"input-text qty text\"\n\t\tname=\"quantity\"\n\t\tvalue=\"1\"\n\t\taria-label=\"Product quantity\"\n\t\t\t\tmin=\"1\"\n\t\t\t\t\tmax=\"58\"\n\t\t\t\t\t\t\tstep=\"1\"\n\t\t\tplaceholder=\"\"\n\t\t\tinputmode=\"numeric\"\n\t\t\tautocomplete=\"off\"\n\t\t\t\/>\n\t<\/div>\n\n\t\t<button\n\t\t\ttype=\"submit\"\n\t\t\tname=\"add-to-cart\"\n\t\t\tvalue=\"26214\"\n\t\t\tclass=\"single_add_to_cart_button elementor-button button alt hidden\">\t\t<span class=\"elementor-button-content-wrapper\">\n\t\t\t\t\t\t<span class=\"elementor-button-icon\">\n\t\t\t\t<i aria-hidden=\"true\" class=\"fas fa-shopping-cart\"><\/i>\t\t\t<\/span>\n\t\t\t\t\t\t\t\t\t<span class=\"elementor-button-text\">Add to basket<\/span>\n\t\t\t\t\t<\/span>\n\t\t<\/button>\n\n\t\t<input type=\"hidden\" name=\"gtm4wp_product_data\" value=\"{&quot;internal_id&quot;:26214,&quot;item_id&quot;:26214,&quot;item_name&quot;:&quot;Ticket - Easter party at Planet Kid&#039;s - April 3, 2026&quot;,&quot;sku&quot;:26214,&quot;price&quot;:11,&quot;stocklevel&quot;:58,&quot;stockstatus&quot;:&quot;instock&quot;,&quot;google_business_vertical&quot;:&quot;retail&quot;,&quot;item_category&quot;:&quot;Soir\\u00e9e&quot;,&quot;id&quot;:26214}\" \/>\n\t<\/form>\n\n\t\n\t\t\t\t<\/div>\n\t\t\t\t<\/div>\n\t\t\t\t<div class=\"elementor-element elementor-element-a475343 elementor-widget elementor-widget-spacer\" data-id=\"a475343\" data-element_type=\"widget\" data-e-type=\"widget\" data-widget_type=\"spacer.default\">\n\t\t\t\t<div class=\"elementor-widget-container\">\n\t\t\t\t\t\t\t<div class=\"elementor-spacer\">\n\t\t\t<div class=\"elementor-spacer-inner\"><\/div>\n\t\t<\/div>\n\t\t\t\t\t\t<\/div>\n\t\t\t\t<\/div>\n\t\t\t\t<div class=\"elementor-element elementor-element-69a4725b elementor-widget elementor-widget-text-editor\" data-id=\"69a4725b\" data-element_type=\"widget\" data-e-type=\"widget\" data-widget_type=\"text-editor.default\">\n\t\t\t\t<div class=\"elementor-widget-container\">\n\t\t\t\t\t\t\t\t\t<p class=\"p1\"><strong>GRAND EGG HUNT<\/strong><\/p><p>DON&#8217;T FORGET YOUR LITTLE BASKET!<\/p><p>MICKEY &amp; MINNIE WILL BE THERE TO JOIN THE EGG HUNT<\/p>\t\t\t\t\t\t\t\t<\/div>\n\t\t\t\t<\/div>\n\t\t\t\t<div class=\"elementor-element elementor-element-c040fd4 elementor-widget elementor-widget-text-editor\" data-id=\"c040fd4\" data-element_type=\"widget\" data-e-type=\"widget\" data-widget_type=\"text-editor.default\">\n\t\t\t\t<div class=\"elementor-widget-container\">\n\t\t\t\t\t\t\t\t\t<p>On-site dining available.<\/p><p>Admission charge for children: \u20ac11<br>Free admission for adults<\/p><p>To welcome you in the best possible way, we ask you to make a reservation as places are limited.<\/p><p><strong>Reservations required!!! No entry without reservation \ud83d\ude09<\/strong><\/p><p>Attention!!! We do not organize <strong>birthday parties during the evenings<\/strong>. It is not possible to reserve a table or bring a cake. <\/p>\t\t\t\t\t\t\t\t<\/div>\n\t\t\t\t<\/div>\n\t\t\t\t\t<\/div>\n\t\t<\/div>\n\t\t\t\t\t<\/div>\n\t\t<\/section>\n\t\t\t\t<\/div>\n\t\t","protected":false},"excerpt":{"rendered":"<p>Easter Night at Planet Kid&#8217;s FRIDAY, APRIL 3, 2026 FROM 4 PM TO 9 PM Number of children (\u20ac11 per child) quantit\u00e9 de Ticket &#8211; soir\u00e9e p\u00e2ques au planet kid&#039;s &#8211; 3 avril 2026 Add to basket GRAND EGG HUNT DON&#8217;T FORGET YOUR LITTLE BASKET! MICKEY &amp; MINNIE WILL BE THERE TO JOIN THE EGG [&hellip;]<\/p>\n","protected":false},"author":1,"featured_media":26216,"parent":0,"menu_order":0,"comment_status":"closed","ping_status":"closed","template":"","meta":{"footnotes":""},"class_list":["post-26222","page","type-page","status-publish","has-post-thumbnail","hentry"],"_links":{"self":[{"href":"https:\/\/www.planetkids.be\/en\/wp-json\/wp\/v2\/pages\/26222","targetHints":{"allow":["GET"]}}],"collection":[{"href":"https:\/\/www.planetkids.be\/en\/wp-json\/wp\/v2\/pages"}],"about":[{"href":"https:\/\/www.planetkids.be\/en\/wp-json\/wp\/v2\/types\/page"}],"author":[{"embeddable":true,"href":"https:\/\/www.planetkids.be\/en\/wp-json\/wp\/v2\/users\/1"}],"replies":[{"embeddable":true,"href":"https:\/\/www.planetkids.be\/en\/wp-json\/wp\/v2\/comments?post=26222"}],"version-history":[{"count":2,"href":"https:\/\/www.planetkids.be\/en\/wp-json\/wp\/v2\/pages\/26222\/revisions"}],"predecessor-version":[{"id":26225,"href":"https:\/\/www.planetkids.be\/en\/wp-json\/wp\/v2\/pages\/26222\/revisions\/26225"}],"wp:featuredmedia":[{"embeddable":true,"href":"https:\/\/www.planetkids.be\/en\/wp-json\/wp\/v2\/media\/26216"}],"wp:attachment":[{"href":"https:\/\/www.planetkids.be\/en\/wp-json\/wp\/v2\/media?parent=26222"}],"curies":[{"name":"wp","href":"https:\/\/api.w.org\/{rel}","templated":true}]}}