{"id":26224,"date":"2026-02-20T17:47:42","date_gmt":"2026-02-20T16:47:42","guid":{"rendered":"https:\/\/www.planetkids.be\/paasavond-bij-planet-kids-3-april-2026\/"},"modified":"2026-02-20T17:47:42","modified_gmt":"2026-02-20T16:47:42","slug":"paasavond-bij-planet-kids-3-april-2026","status":"publish","type":"page","link":"https:\/\/www.planetkids.be\/nl\/paasavond-bij-planet-kids-3-april-2026\/","title":{"rendered":"Paasavond bij Planet Kid&#8217;s &#8211; 3 april 2026"},"content":{"rendered":"\t\t<div data-elementor-type=\"wp-page\" data-elementor-id=\"26224\" class=\"elementor elementor-26224 elementor-26217\" data-elementor-post-type=\"page\">\n\t\t\t\t\t\t<section class=\"elementor-section elementor-top-section elementor-element elementor-element-856f40a elementor-section-height-min-height elementor-section-stretched elementor-section-boxed elementor-section-height-default elementor-section-items-middle\" data-id=\"856f40a\" data-element_type=\"section\" data-e-type=\"section\" data-settings=\"{&quot;stretch_section&quot;:&quot;section-stretched&quot;,&quot;jet_parallax_layout_list&quot;:[{&quot;jet_parallax_layout_image&quot;:{&quot;url&quot;:&quot;&quot;,&quot;id&quot;:&quot;&quot;,&quot;size&quot;:&quot;&quot;},&quot;_id&quot;:&quot;d709eef&quot;,&quot;jet_parallax_layout_image_tablet&quot;:{&quot;url&quot;:&quot;&quot;,&quot;id&quot;:&quot;&quot;,&quot;size&quot;:&quot;&quot;},&quot;jet_parallax_layout_image_mobile&quot;:{&quot;url&quot;:&quot;&quot;,&quot;id&quot;:&quot;&quot;,&quot;size&quot;:&quot;&quot;},&quot;jet_parallax_layout_speed&quot;:{&quot;unit&quot;:&quot;%&quot;,&quot;size&quot;:50,&quot;sizes&quot;:[]},&quot;jet_parallax_layout_type&quot;:&quot;scroll&quot;,&quot;jet_parallax_layout_direction&quot;:&quot;1&quot;,&quot;jet_parallax_layout_fx_direction&quot;:null,&quot;jet_parallax_layout_z_index&quot;:&quot;&quot;,&quot;jet_parallax_layout_bg_x&quot;:50,&quot;jet_parallax_layout_bg_x_tablet&quot;:&quot;&quot;,&quot;jet_parallax_layout_bg_x_mobile&quot;:&quot;&quot;,&quot;jet_parallax_layout_bg_y&quot;:50,&quot;jet_parallax_layout_bg_y_tablet&quot;:&quot;&quot;,&quot;jet_parallax_layout_bg_y_mobile&quot;:&quot;&quot;,&quot;jet_parallax_layout_bg_size&quot;:&quot;auto&quot;,&quot;jet_parallax_layout_bg_size_tablet&quot;:&quot;&quot;,&quot;jet_parallax_layout_bg_size_mobile&quot;:&quot;&quot;,&quot;jet_parallax_layout_animation_prop&quot;:&quot;transform&quot;,&quot;jet_parallax_layout_on&quot;:[&quot;desktop&quot;,&quot;tablet&quot;]}],&quot;background_background&quot;:&quot;classic&quot;}\">\n\t\t\t\t\t\t\t<div class=\"elementor-background-overlay\"><\/div>\n\t\t\t\t\t\t\t<div class=\"elementor-container elementor-column-gap-default\">\n\t\t\t\t\t<div class=\"elementor-column elementor-col-100 elementor-top-column elementor-element elementor-element-ddbe1b3\" data-id=\"ddbe1b3\" data-element_type=\"column\" data-e-type=\"column\">\n\t\t\t<div class=\"elementor-widget-wrap elementor-element-populated\">\n\t\t\t\t\t\t<div class=\"elementor-element elementor-element-0a3a22a elementor-widget elementor-widget-heading\" data-id=\"0a3a22a\" data-element_type=\"widget\" data-e-type=\"widget\" data-widget_type=\"heading.default\">\n\t\t\t\t<div class=\"elementor-widget-container\">\n\t\t\t\t\t<h1 class=\"elementor-heading-title elementor-size-default\">Paasavond bij Planet Kid's<\/h1>\t\t\t\t<\/div>\n\t\t\t\t<\/div>\n\t\t\t\t<div class=\"elementor-element elementor-element-75c3521 elementor-widget elementor-widget-heading\" data-id=\"75c3521\" data-element_type=\"widget\" data-e-type=\"widget\" data-widget_type=\"heading.default\">\n\t\t\t\t<div class=\"elementor-widget-container\">\n\t\t\t\t\t<h2 class=\"elementor-heading-title elementor-size-xxl\">OP VRIJDAG 3 april 2026 VAN 16U TOT 21U<\/h2>\t\t\t\t<\/div>\n\t\t\t\t<\/div>\n\t\t\t\t\t<\/div>\n\t\t<\/div>\n\t\t\t\t\t<\/div>\n\t\t<\/section>\n\t\t\t\t<section class=\"elementor-section elementor-top-section elementor-element elementor-element-37bf7f4f elementor-section-boxed elementor-section-height-default elementor-section-height-default\" data-id=\"37bf7f4f\" data-element_type=\"section\" data-e-type=\"section\" data-settings=\"{&quot;jet_parallax_layout_list&quot;:[]}\">\n\t\t\t\t\t\t<div class=\"elementor-container elementor-column-gap-default\">\n\t\t\t\t\t<div class=\"elementor-column elementor-col-50 elementor-top-column elementor-element elementor-element-21ac908\" data-id=\"21ac908\" data-element_type=\"column\" data-e-type=\"column\">\n\t\t\t<div class=\"elementor-widget-wrap elementor-element-populated\">\n\t\t\t\t\t\t<div class=\"elementor-element elementor-element-c8604f8 elementor-widget elementor-widget-image\" data-id=\"c8604f8\" data-element_type=\"widget\" data-e-type=\"widget\" data-widget_type=\"image.default\">\n\t\t\t\t<div class=\"elementor-widget-container\">\n\t\t\t\t\t\t\t\t\t\t\t\t\t\t\t<img fetchpriority=\"high\" decoding=\"async\" width=\"800\" height=\"566\" src=\"https:\/\/www.planetkids.be\/wp-content\/uploads\/2026\/02\/Paques2026NL-1-1024x724.jpg\" class=\"attachment-large size-large wp-image-26212\" alt=\"\" srcset=\"https:\/\/www.planetkids.be\/wp-content\/uploads\/2026\/02\/Paques2026NL-1-1024x724.jpg 1024w, https:\/\/www.planetkids.be\/wp-content\/uploads\/2026\/02\/Paques2026NL-1-300x212.jpg 300w, https:\/\/www.planetkids.be\/wp-content\/uploads\/2026\/02\/Paques2026NL-1-768x543.jpg 768w, https:\/\/www.planetkids.be\/wp-content\/uploads\/2026\/02\/Paques2026NL-1-600x424.jpg 600w, https:\/\/www.planetkids.be\/wp-content\/uploads\/2026\/02\/Paques2026NL-1.jpg 1200w\" sizes=\"(max-width: 800px) 100vw, 800px\" \/>\t\t\t\t\t\t\t\t\t\t\t\t\t\t\t<\/div>\n\t\t\t\t<\/div>\n\t\t\t\t\t<\/div>\n\t\t<\/div>\n\t\t\t\t<div class=\"elementor-column elementor-col-50 elementor-top-column elementor-element elementor-element-8268f4e\" data-id=\"8268f4e\" data-element_type=\"column\" data-e-type=\"column\">\n\t\t\t<div class=\"elementor-widget-wrap elementor-element-populated\">\n\t\t\t\t\t\t<div class=\"elementor-element elementor-element-b9b9a62 elementor-widget elementor-widget-heading\" data-id=\"b9b9a62\" data-element_type=\"widget\" data-e-type=\"widget\" data-widget_type=\"heading.default\">\n\t\t\t\t<div class=\"elementor-widget-container\">\n\t\t\t\t\t<p class=\"elementor-heading-title elementor-size-default\">Aantal kinderen (\u20ac11 per kind)<\/p>\t\t\t\t<\/div>\n\t\t\t\t<\/div>\n\t\t\t\t<div class=\"elementor-element elementor-element-13cff09 elementor-button-info elementor-widget elementor-widget-wc-add-to-cart\" data-id=\"13cff09\" data-element_type=\"widget\" data-e-type=\"widget\" data-widget_type=\"wc-add-to-cart.default\">\n\t\t\t\t<div class=\"elementor-widget-container\">\n\t\t\t\t\t\n\t\n\t<form class=\"cart\" action=\"https:\/\/www.planetkids.be\/nl\/produit\/ticket-carnavalavond-in-planet-kids-6-februari-2026-copie\/\" method=\"post\" enctype='multipart\/form-data'>\n\t\t\n\t\t<style>.quantity { display: block !important; }<\/style><div class=\"quantity\">\n\t\t<label class=\"screen-reader-text\" for=\"quantity_69d5ddbeba291\">Ticket - paasavond bij Planet Kid&#039;s - 3 april 2026 aantal<\/label>\n\t<input\n\t\ttype=\"number\"\n\t\t\t\tid=\"quantity_69d5ddbeba291\"\n\t\tclass=\"input-text qty text\"\n\t\tname=\"quantity\"\n\t\tvalue=\"1\"\n\t\taria-label=\"Productaantal\"\n\t\t\t\tmin=\"1\"\n\t\t\t\t\tmax=\"58\"\n\t\t\t\t\t\t\tstep=\"1\"\n\t\t\tplaceholder=\"\"\n\t\t\tinputmode=\"numeric\"\n\t\t\tautocomplete=\"off\"\n\t\t\t\/>\n\t<\/div>\n\n\t\t<button\n\t\t\ttype=\"submit\"\n\t\t\tname=\"add-to-cart\"\n\t\t\tvalue=\"26215\"\n\t\t\tclass=\"single_add_to_cart_button elementor-button button alt hidden\">\t\t<span class=\"elementor-button-content-wrapper\">\n\t\t\t\t\t\t<span class=\"elementor-button-icon\">\n\t\t\t\t<i aria-hidden=\"true\" class=\"fas fa-shopping-cart\"><\/i>\t\t\t<\/span>\n\t\t\t\t\t\t\t\t\t<span class=\"elementor-button-text\">In winkelmand<\/span>\n\t\t\t\t\t<\/span>\n\t\t<\/button>\n\n\t\t<input type=\"hidden\" name=\"gtm4wp_product_data\" value=\"{&quot;internal_id&quot;:26215,&quot;item_id&quot;:26215,&quot;item_name&quot;:&quot;Ticket - paasavond bij Planet Kid&#039;s - 3 april 2026&quot;,&quot;sku&quot;:26215,&quot;price&quot;:11,&quot;stocklevel&quot;:58,&quot;stockstatus&quot;:&quot;instock&quot;,&quot;google_business_vertical&quot;:&quot;retail&quot;,&quot;item_category&quot;:&quot;Soir\\u00e9e&quot;,&quot;id&quot;:26215}\" \/>\n\t<\/form>\n\n\t\n\t\t\t\t<\/div>\n\t\t\t\t<\/div>\n\t\t\t\t<div class=\"elementor-element elementor-element-a475343 elementor-widget elementor-widget-spacer\" data-id=\"a475343\" data-element_type=\"widget\" data-e-type=\"widget\" data-widget_type=\"spacer.default\">\n\t\t\t\t<div class=\"elementor-widget-container\">\n\t\t\t\t\t\t\t<div class=\"elementor-spacer\">\n\t\t\t<div class=\"elementor-spacer-inner\"><\/div>\n\t\t<\/div>\n\t\t\t\t\t\t<\/div>\n\t\t\t\t<\/div>\n\t\t\t\t<div class=\"elementor-element elementor-element-69a4725b elementor-widget elementor-widget-text-editor\" data-id=\"69a4725b\" data-element_type=\"widget\" data-e-type=\"widget\" data-widget_type=\"text-editor.default\">\n\t\t\t\t<div class=\"elementor-widget-container\">\n\t\t\t\t\t\t\t\t\t<p class=\"p1\"><strong>GROTE EIERZOEKTOCHT<\/strong><\/p><p>VERGEET JE MANDJE NIET!<\/p><p>MICKEY &amp; MINNIE ZIJN ERBIJ TIJDENS DE EIERZOEKTOCHT<\/p>\t\t\t\t\t\t\t\t<\/div>\n\t\t\t\t<\/div>\n\t\t\t\t<div class=\"elementor-element elementor-element-c040fd4 elementor-widget elementor-widget-text-editor\" data-id=\"c040fd4\" data-element_type=\"widget\" data-e-type=\"widget\" data-widget_type=\"text-editor.default\">\n\t\t\t\t<div class=\"elementor-widget-container\">\n\t\t\t\t\t\t\t\t\t<p>Mogelijkheid om ter plaatse te eten.<\/p><p>Toegangsprijs voor kinderen: \u20ac11<br>Gratis toegang voor volwassenen<\/p><p>Om je zo goed mogelijk te ontvangen, vragen we je van tevoren te reserveren, want de plaatsen zijn beperkt.<\/p><p><strong>Reserveren verplicht!!! Geen toegang zonder reservering \ud83d\ude09<\/strong><\/p><p>Let op! We organiseren geen <strong>verjaardagen tijdens de avonden<\/strong>. Het is niet mogelijk om een tafel te reserveren of een taart mee te nemen. <\/p>\t\t\t\t\t\t\t\t<\/div>\n\t\t\t\t<\/div>\n\t\t\t\t\t<\/div>\n\t\t<\/div>\n\t\t\t\t\t<\/div>\n\t\t<\/section>\n\t\t\t\t<\/div>\n\t\t","protected":false},"excerpt":{"rendered":"<p>Paasavond bij Planet Kid&#8217;s OP VRIJDAG 3 april 2026 VAN 16U TOT 21U Aantal kinderen (\u20ac11 per kind) quantit\u00e9 de Ticket &#8211; soir\u00e9e p\u00e2ques au planet kid&#039;s &#8211; 3 avril 2026 In winkelmand GROTE EIERZOEKTOCHT VERGEET JE MANDJE NIET! MICKEY &amp; MINNIE ZIJN ERBIJ TIJDENS DE EIERZOEKTOCHT Mogelijkheid om ter plaatse te eten. Toegangsprijs voor [&hellip;]<\/p>\n","protected":false},"author":1,"featured_media":26212,"parent":0,"menu_order":0,"comment_status":"closed","ping_status":"closed","template":"","meta":{"footnotes":""},"class_list":["post-26224","page","type-page","status-publish","has-post-thumbnail","hentry"],"_links":{"self":[{"href":"https:\/\/www.planetkids.be\/nl\/wp-json\/wp\/v2\/pages\/26224","targetHints":{"allow":["GET"]}}],"collection":[{"href":"https:\/\/www.planetkids.be\/nl\/wp-json\/wp\/v2\/pages"}],"about":[{"href":"https:\/\/www.planetkids.be\/nl\/wp-json\/wp\/v2\/types\/page"}],"author":[{"embeddable":true,"href":"https:\/\/www.planetkids.be\/nl\/wp-json\/wp\/v2\/users\/1"}],"replies":[{"embeddable":true,"href":"https:\/\/www.planetkids.be\/nl\/wp-json\/wp\/v2\/comments?post=26224"}],"version-history":[{"count":1,"href":"https:\/\/www.planetkids.be\/nl\/wp-json\/wp\/v2\/pages\/26224\/revisions"}],"predecessor-version":[{"id":26226,"href":"https:\/\/www.planetkids.be\/nl\/wp-json\/wp\/v2\/pages\/26224\/revisions\/26226"}],"wp:featuredmedia":[{"embeddable":true,"href":"https:\/\/www.planetkids.be\/nl\/wp-json\/wp\/v2\/media\/26212"}],"wp:attachment":[{"href":"https:\/\/www.planetkids.be\/nl\/wp-json\/wp\/v2\/media?parent=26224"}],"curies":[{"name":"wp","href":"https:\/\/api.w.org\/{rel}","templated":true}]}}